{"id":437,"date":"2020-04-17T10:19:47","date_gmt":"2020-04-17T08:19:47","guid":{"rendered":"http:\/\/mladez.biskupstvi.cz\/mamre\/?page_id=437"},"modified":"2024-09-10T10:54:29","modified_gmt":"2024-09-10T08:54:29","slug":"o-mamre","status":"publish","type":"page","link":"https:\/\/mladez.biskupstvi.cz\/mamre\/o-mamre\/","title":{"rendered":"O Mamre"},"content":{"rendered":"\n<h3 class=\"wp-block-heading\"><strong>Diec\u00e9zn\u00ed centrum \u017eivota ml\u00e1de\u017ee MAMRE (DC\u017dM Mamre)<\/strong> je fara v&nbsp;Osov\u00e9 B\u00edt\u00fd\u0161ce, kter\u00e1 byla p\u0159ed 30 lety vybr\u00e1na pro specifick\u00e9 posl\u00e1n\u00ed \u2013 b\u00fdt otev\u0159en\u00fdm domem pro v\u0161echny mlad\u00e9 lidi.<\/h3>\n\n\n\n<figure class=\"wp-block-gallery aligncenter has-nested-images columns-default is-cropped wp-block-gallery-1 is-layout-flex wp-block-gallery-is-layout-flex\">\n<figure class=\"wp-block-image size-large is-style-default\"><img fetchpriority=\"high\" decoding=\"async\" width=\"1024\" height=\"389\" data-id=\"2201\" src=\"https:\/\/mladez.biskupstvi.cz\/subdom\/mladez\/mamre\/wp-content\/uploads\/2024\/09\/20240827-Mamrestartrail-1-1024x389.jpeg\" alt=\"\" class=\"wp-image-2201\" srcset=\"https:\/\/mladez.biskupstvi.cz\/subdom\/mladez\/mamre\/wp-content\/uploads\/2024\/09\/20240827-Mamrestartrail-1-1024x389.jpeg 1024w, https:\/\/mladez.biskupstvi.cz\/subdom\/mladez\/mamre\/wp-content\/uploads\/2024\/09\/20240827-Mamrestartrail-1-300x114.jpeg 300w, https:\/\/mladez.biskupstvi.cz\/subdom\/mladez\/mamre\/wp-content\/uploads\/2024\/09\/20240827-Mamrestartrail-1-768x291.jpeg 768w, https:\/\/mladez.biskupstvi.cz\/subdom\/mladez\/mamre\/wp-content\/uploads\/2024\/09\/20240827-Mamrestartrail-1-1536x583.jpeg 1536w, https:\/\/mladez.biskupstvi.cz\/subdom\/mladez\/mamre\/wp-content\/uploads\/2024\/09\/20240827-Mamrestartrail-1-2048x777.jpeg 2048w, https:\/\/mladez.biskupstvi.cz\/subdom\/mladez\/mamre\/wp-content\/uploads\/2024\/09\/20240827-Mamrestartrail-1-1920x729.jpeg 1920w\" sizes=\"(max-width: 1024px) 100vw, 1024px\" \/><\/figure>\n<\/figure>\n\n\n\n<p>Na fa\u0159e neust\u00e1le \u017eije a&nbsp;pracuje tzv.&nbsp;t\u00fdm, 1-2 kn\u011b\u017e\u00ed a&nbsp;3-4 mlad\u00ed lai\u010dt\u00ed spolupracovn\u00edci.<\/p>\n\n\n\n<p>N\u00e1zev MAMRE je z biblick\u00e9 knihy Genesis a ozna\u010duje m\u00edsto, kde se Abrah\u00e1m setkal s Bohem. Na\u0161\u00edm c\u00edlem je vytv\u00e1\u0159et prostor, kde mlad\u00ed lid\u00e9 stejn\u011b jako Abrah\u00e1m m\u016f\u017eou zakou\u0161et Bo\u017e\u00ed bl\u00edzkost, \u017e\u00edt v k\u0159es\u0165ansk\u00e9m spole\u010denstv\u00ed a bezpodm\u00edne\u010dn\u00e9 l\u00e1sce. MAMRE je m\u00edsto, kter\u00e9 je neust\u00e1le otev\u0159en\u00e9 p\u016fsoben\u00ed Ducha Svat\u00e9ho a kter\u00e9 je otev\u0159en\u00e9 pro mlad\u00e9 lidi nejen z brn\u011bnsk\u00e9 diec\u00e9ze. <\/p>\n\n\n\n<p>Ka\u017ed\u00e1 v\u00edkendov\u00e1 akce na MAMRE je specifick\u00e1. \u010casto jsou v\u00edkendy zam\u011b\u0159en\u00e9 na n\u011bjak\u00e9 konkr\u00e9tn\u00ed t\u00e9ma, kter\u00e9 pak ovliv\u0148uje program, nap\u0159. Kreativn\u00ed v\u00edkend, v\u00edkend filmov\u00fd a dokonce tane\u010dn\u00ed. Velmi obl\u00edben\u00e9 jsou Podzimn\u00ed pr\u00e1zdniny, Silvestr na MAMRE nebo tzv. MAMRE t\u00fdden, dvout\u00fddenn\u00ed akce na konci pr\u00e1zdnin.<\/p>\n\n\n\n<p>Na centru najdete krom\u011b zahrady, h\u0159i\u0161\u0165 a p\u0159ilehl\u00fdch luk a les\u016f taky \u010dajovnu, hernu, chatky, r\u016fzn\u00e1 z\u00e1kout\u00ed a m\u00edsta pro setk\u00e1v\u00e1n\u00ed, tzv. dome\u010dek, kde \u017eije T\u00fdm, a p\u0159edev\u0161\u00edm kapli sv. Jana XXIII., pape\u017ee, kter\u00fd svolal II. Vatik\u00e1nsk\u00fd koncil a byl proslul\u00fd svou laskavost\u00ed, humorem a otev\u0159enost\u00ed Duchu Svat\u00e9mu.<\/p>\n\n\n\n<p>Dokument o tom, jak se b\u00fdval\u00fd t\u00fdm\u00e1k Ji\u0159\u00ed Va\u0161ul\u00edn d\u00edv\u00e1 na svou pr\u00e1ci naleznete <a href=\"https:\/\/youtu.be\/hhRRZI7OTYQ\" target=\"_blank\" rel=\"noreferrer noopener\">zde<\/a>. <\/p>\n\n\n\n<p>Video, co \u0159\u00edkaj\u00ed \u00fa\u010dastn\u00edci akc\u00ed o Mamre m\u016f\u017eete skouknout <a rel=\"noreferrer noopener\" href=\"https:\/\/youtu.be\/vrkMFX8FZd8\" target=\"_blank\">zde<\/a>.<\/p>\n\n\n\n<p>Vys\u00edl\u00e1n\u00ed K\u0159es\u0165ansk\u00e9ho magaz\u00ednu o&nbsp;Mamre&nbsp;je mo\u017eno zhl\u00e9dnout <a href=\"https:\/\/www.ceskatelevize.cz\/ivysilani\/1098528273-krestansky-magazin\/308298380060001?x=69&amp;y=7&amp;index%5B%5D=136839\" target=\"_blank\" rel=\"noreferrer noopener\">zde<\/a> a taky <a href=\"http:\/\/ceskatelevize.cz\/ivysilani\/1098528273-krestansky-magazin\/314298380040014?index[]=366781&amp;x=68&amp;y=16\">zde<\/a>.<\/p>\n\n\n\n<p><\/p>\n","protected":false},"excerpt":{"rendered":"<p>Diec\u00e9zn\u00ed centrum \u017eivota ml\u00e1de\u017ee MAMRE (DC\u017dM Mamre) je fara v&nbsp;Osov\u00e9 B\u00edt\u00fd\u0161ce, kter\u00e1 byla p\u0159ed 30 lety vybr\u00e1na pro specifick\u00e9 posl\u00e1n\u00ed \u2013 b\u00fdt otev\u0159en\u00fdm domem pro v\u0161echny mlad\u00e9 lidi. Na fa\u0159e neust\u00e1le \u017eije a&nbsp;pracuje tzv.&nbsp;t\u00fdm, 1-2 kn\u011b\u017e\u00ed a&nbsp;3-4 mlad\u00ed lai\u010dt\u00ed spolupracovn\u00edci. N\u00e1zev MAMRE je z biblick\u00e9 knihy Genesis a ozna\u010duje m\u00edsto, kde se Abrah\u00e1m setkal s&hellip; <br \/> <a class=\"read-more\" href=\"https:\/\/mladez.biskupstvi.cz\/mamre\/o-mamre\/\">V\u00edce<\/a><\/p>\n","protected":false},"author":2,"featured_media":0,"parent":0,"menu_order":0,"comment_status":"closed","ping_status":"closed","template":"","meta":{"_monsterinsights_skip_tracking":false,"_monsterinsights_sitenote_active":false,"_monsterinsights_sitenote_note":"","_monsterinsights_sitenote_category":0,"footnotes":""},"class_list":["post-437","page","type-page","status-publish","hentry"],"_links":{"self":[{"href":"https:\/\/mladez.biskupstvi.cz\/mamre\/wp-json\/wp\/v2\/pages\/437","targetHints":{"allow":["GET"]}}],"collection":[{"href":"https:\/\/mladez.biskupstvi.cz\/mamre\/wp-json\/wp\/v2\/pages"}],"about":[{"href":"https:\/\/mladez.biskupstvi.cz\/mamre\/wp-json\/wp\/v2\/types\/page"}],"author":[{"embeddable":true,"href":"https:\/\/mladez.biskupstvi.cz\/mamre\/wp-json\/wp\/v2\/users\/2"}],"replies":[{"embeddable":true,"href":"https:\/\/mladez.biskupstvi.cz\/mamre\/wp-json\/wp\/v2\/comments?post=437"}],"version-history":[{"count":10,"href":"https:\/\/mladez.biskupstvi.cz\/mamre\/wp-json\/wp\/v2\/pages\/437\/revisions"}],"predecessor-version":[{"id":2202,"href":"https:\/\/mladez.biskupstvi.cz\/mamre\/wp-json\/wp\/v2\/pages\/437\/revisions\/2202"}],"wp:attachment":[{"href":"https:\/\/mladez.biskupstvi.cz\/mamre\/wp-json\/wp\/v2\/media?parent=437"}],"curies":[{"name":"wp","href":"https:\/\/api.w.org\/{rel}","templated":true}]}}