{"id":2305,"date":"2024-10-13T21:00:32","date_gmt":"2024-10-13T19:00:32","guid":{"rendered":"https:\/\/mladez.biskupstvi.cz\/mamre\/?page_id=2305"},"modified":"2024-10-13T22:45:32","modified_gmt":"2024-10-13T20:45:32","slug":"prihlasovan-pro-pomocniky","status":"publish","type":"page","link":"https:\/\/mladez.biskupstvi.cz\/mamre\/prihlasovan-pro-pomocniky\/","title":{"rendered":"P\u0159ihla\u0161ov\u00e1n\u00ed pro pomocn\u00edky"},"content":{"rendered":"\t\t<div data-elementor-type=\"wp-page\" data-elementor-id=\"2305\" class=\"elementor elementor-2305\">\n\t\t\t\t\t\t<section class=\"elementor-section elementor-top-section elementor-element elementor-element-316363a8 elementor-section-boxed elementor-section-height-default elementor-section-height-default\" data-id=\"316363a8\" data-element_type=\"section\" data-e-type=\"section\">\n\t\t\t\t\t\t<div class=\"elementor-container elementor-column-gap-default\">\n\t\t\t\t\t<div class=\"elementor-column elementor-col-100 elementor-top-column elementor-element elementor-element-145721be\" data-id=\"145721be\" data-element_type=\"column\" data-e-type=\"column\">\n\t\t\t<div class=\"elementor-widget-wrap elementor-element-populated\">\n\t\t\t\t\t\t<div class=\"elementor-element elementor-element-59ffa00e elementor-widget elementor-widget-text-editor\" data-id=\"59ffa00e\" data-element_type=\"widget\" data-e-type=\"widget\" data-widget_type=\"text-editor.default\">\n\t\t\t\t<div class=\"elementor-widget-container\">\n\t\t\t\t\t\t\t\t\t\n<p>Pokud n\u00e1m chce\u0161 pom\u00e1hat na Mamre akc\u00edch, nebo pokud u\u017e jsi byl\/a osloven\/\u00e1 T\u00fdmem nebo o. Pattym na pomoc s akcemi, p\u0159ihla\u0161 se zde. My tvou p\u0159ihl\u00e1\u0161ku zkontrolujeme a d\u00e1me ti d\u00e1le v\u011bd\u011bt. D\u00edky!<\/p>\n\t\t\t\t\t\t\t\t<\/div>\n\t\t\t\t<\/div>\n\t\t\t\t\t<\/div>\n\t\t<\/div>\n\t\t\t\t\t<\/div>\n\t\t<\/section>\n\t\t\t\t<section class=\"elementor-section elementor-top-section elementor-element elementor-element-cbbd72d elementor-section-boxed elementor-section-height-default elementor-section-height-default\" data-id=\"cbbd72d\" data-element_type=\"section\" data-e-type=\"section\">\n\t\t\t\t\t\t<div class=\"elementor-container elementor-column-gap-default\">\n\t\t\t\t\t<div class=\"elementor-column elementor-col-100 elementor-top-column elementor-element elementor-element-a4439a4\" data-id=\"a4439a4\" data-element_type=\"column\" data-e-type=\"column\">\n\t\t\t<div class=\"elementor-widget-wrap elementor-element-populated\">\n\t\t\t\t\t\t<div class=\"elementor-element elementor-element-4b00a61 elementor-align-center elementor-widget elementor-widget-button\" data-id=\"4b00a61\" data-element_type=\"widget\" data-e-type=\"widget\" data-widget_type=\"button.default\">\n\t\t\t\t<div class=\"elementor-widget-container\">\n\t\t\t\t\t\t\t\t\t<div class=\"elementor-button-wrapper\">\n\t\t\t\t\t<a class=\"elementor-button elementor-button-link elementor-size-sm\" href=\"https:\/\/docs.google.com\/forms\/d\/e\/1FAIpQLSdbDGDp-Bpa5cmkm6pgRfFxGenr1KjVSM9xnvepKiZrQ4ELWw\/viewform\" target=\"_blank\">\n\t\t\t\t\t\t<span class=\"elementor-button-content-wrapper\">\n\t\t\t\t\t\t\t\t\t<span class=\"elementor-button-text\">P\u0159ihla\u0161ov\u00e1n\u00ed pro pomocn\u00edky<\/span>\n\t\t\t\t\t<\/span>\n\t\t\t\t\t<\/a>\n\t\t\t\t<\/div>\n\t\t\t\t\t\t\t\t<\/div>\n\t\t\t\t<\/div>\n\t\t\t\t\t<\/div>\n\t\t<\/div>\n\t\t\t\t\t<\/div>\n\t\t<\/section>\n\t\t\t\t<section class=\"elementor-section elementor-top-section elementor-element elementor-element-b9cbf84 elementor-section-boxed elementor-section-height-default elementor-section-height-default\" data-id=\"b9cbf84\" data-element_type=\"section\" data-e-type=\"section\">\n\t\t\t\t\t\t<div class=\"elementor-container elementor-column-gap-default\">\n\t\t\t\t\t<div class=\"elementor-column elementor-col-100 elementor-top-column elementor-element elementor-element-f9a2ae8\" data-id=\"f9a2ae8\" data-element_type=\"column\" data-e-type=\"column\">\n\t\t\t<div class=\"elementor-widget-wrap\">\n\t\t\t\t\t\t\t<\/div>\n\t\t<\/div>\n\t\t\t\t\t<\/div>\n\t\t<\/section>\n\t\t\t\t<section class=\"elementor-section elementor-top-section elementor-element elementor-element-7bec869 elementor-section-boxed elementor-section-height-default elementor-section-height-default\" data-id=\"7bec869\" data-element_type=\"section\" data-e-type=\"section\">\n\t\t\t\t\t\t<div class=\"elementor-container elementor-column-gap-default\">\n\t\t\t\t\t<div class=\"elementor-column elementor-col-100 elementor-top-column elementor-element elementor-element-45e1213\" data-id=\"45e1213\" data-element_type=\"column\" data-e-type=\"column\">\n\t\t\t<div class=\"elementor-widget-wrap elementor-element-populated\">\n\t\t\t\t\t\t<div class=\"elementor-element elementor-element-ed24e4d elementor-arrows-position-inside elementor-pagination-position-outside elementor-widget elementor-widget-image-carousel\" data-id=\"ed24e4d\" data-element_type=\"widget\" data-e-type=\"widget\" data-settings=\"{&quot;slides_to_show&quot;:&quot;2&quot;,&quot;slides_to_scroll&quot;:&quot;2&quot;,&quot;navigation&quot;:&quot;both&quot;,&quot;autoplay&quot;:&quot;yes&quot;,&quot;pause_on_hover&quot;:&quot;yes&quot;,&quot;pause_on_interaction&quot;:&quot;yes&quot;,&quot;autoplay_speed&quot;:5000,&quot;infinite&quot;:&quot;yes&quot;,&quot;speed&quot;:500}\" data-widget_type=\"image-carousel.default\">\n\t\t\t\t<div class=\"elementor-widget-container\">\n\t\t\t\t\t\t\t<div class=\"elementor-image-carousel-wrapper swiper\" role=\"region\" aria-roledescription=\"carousel\" aria-label=\"Obr\u00e1zkov\u00fd koloto\u010d\" dir=\"ltr\">\n\t\t\t<div class=\"elementor-image-carousel swiper-wrapper\" aria-live=\"off\">\n\t\t\t\t\t\t\t\t<div class=\"swiper-slide\" role=\"group\" aria-roledescription=\"slide\" aria-label=\"1 z 4\"><figure class=\"swiper-slide-inner\"><img decoding=\"async\" class=\"swiper-slide-image\" src=\"https:\/\/mladez.biskupstvi.cz\/subdom\/mladez\/mamre\/wp-content\/uploads\/2024\/10\/011_August-29-2024-768x511.jpg\" alt=\"011_August 29, 2024\" \/><\/figure><\/div><div class=\"swiper-slide\" role=\"group\" aria-roledescription=\"slide\" aria-label=\"2 z 4\"><figure class=\"swiper-slide-inner\"><img decoding=\"async\" class=\"swiper-slide-image\" src=\"https:\/\/mladez.biskupstvi.cz\/subdom\/mladez\/mamre\/wp-content\/uploads\/2024\/10\/028_August-29-2024-768x511.jpg\" alt=\"028_August 29, 2024\" \/><\/figure><\/div><div class=\"swiper-slide\" role=\"group\" aria-roledescription=\"slide\" aria-label=\"3 z 4\"><figure class=\"swiper-slide-inner\"><img decoding=\"async\" class=\"swiper-slide-image\" src=\"https:\/\/mladez.biskupstvi.cz\/subdom\/mladez\/mamre\/wp-content\/uploads\/2024\/10\/DSC_0010-768x512.jpg\" alt=\"DSC_0010\" \/><\/figure><\/div><div class=\"swiper-slide\" role=\"group\" aria-roledescription=\"slide\" aria-label=\"4 z 4\"><figure class=\"swiper-slide-inner\"><img decoding=\"async\" class=\"swiper-slide-image\" src=\"https:\/\/mladez.biskupstvi.cz\/subdom\/mladez\/mamre\/wp-content\/uploads\/2024\/10\/DSC_0090-Enhanced-NR-768x512.jpg\" alt=\"DSC_0090-Enhanced-NR\" \/><\/figure><\/div>\t\t\t<\/div>\n\t\t\t\t\t\t\t\t\t\t\t\t<div class=\"elementor-swiper-button elementor-swiper-button-prev\" role=\"button\" tabindex=\"0\">\n\t\t\t\t\t\t<i aria-hidden=\"true\" class=\"eicon-chevron-left\"><\/i>\t\t\t\t\t<\/div>\n\t\t\t\t\t<div class=\"elementor-swiper-button elementor-swiper-button-next\" role=\"button\" tabindex=\"0\">\n\t\t\t\t\t\t<i aria-hidden=\"true\" class=\"eicon-chevron-right\"><\/i>\t\t\t\t\t<\/div>\n\t\t\t\t\n\t\t\t\t\t\t\t\t\t<div class=\"swiper-pagination\"><\/div>\n\t\t\t\t\t\t\t\t\t<\/div>\n\t\t\t\t\t\t<\/div>\n\t\t\t\t<\/div>\n\t\t\t\t\t<\/div>\n\t\t<\/div>\n\t\t\t\t\t<\/div>\n\t\t<\/section>\n\t\t\t\t<\/div>\n\t\t","protected":false},"excerpt":{"rendered":"<p>Pokud n\u00e1m chce\u0161 pom\u00e1hat na Mamre akc\u00edch, nebo pokud u\u017e jsi byl\/a osloven\/\u00e1 T\u00fdmem nebo o. Pattym na pomoc s akcemi, p\u0159ihla\u0161 se zde. My tvou p\u0159ihl\u00e1\u0161ku zkontrolujeme a d\u00e1me ti d\u00e1le v\u011bd\u011bt. D\u00edky! P\u0159ihla\u0161ov\u00e1n\u00ed pro pomocn\u00edky<\/p>\n","protected":false},"author":2,"featured_media":0,"parent":0,"menu_order":0,"comment_status":"closed","ping_status":"closed","template":"","meta":{"_monsterinsights_skip_tracking":false,"_monsterinsights_sitenote_active":false,"_monsterinsights_sitenote_note":"","_monsterinsights_sitenote_category":0,"footnotes":""},"class_list":["post-2305","page","type-page","status-publish","hentry"],"_links":{"self":[{"href":"https:\/\/mladez.biskupstvi.cz\/mamre\/wp-json\/wp\/v2\/pages\/2305","targetHints":{"allow":["GET"]}}],"collection":[{"href":"https:\/\/mladez.biskupstvi.cz\/mamre\/wp-json\/wp\/v2\/pages"}],"about":[{"href":"https:\/\/mladez.biskupstvi.cz\/mamre\/wp-json\/wp\/v2\/types\/page"}],"author":[{"embeddable":true,"href":"https:\/\/mladez.biskupstvi.cz\/mamre\/wp-json\/wp\/v2\/users\/2"}],"replies":[{"embeddable":true,"href":"https:\/\/mladez.biskupstvi.cz\/mamre\/wp-json\/wp\/v2\/comments?post=2305"}],"version-history":[{"count":13,"href":"https:\/\/mladez.biskupstvi.cz\/mamre\/wp-json\/wp\/v2\/pages\/2305\/revisions"}],"predecessor-version":[{"id":2326,"href":"https:\/\/mladez.biskupstvi.cz\/mamre\/wp-json\/wp\/v2\/pages\/2305\/revisions\/2326"}],"wp:attachment":[{"href":"https:\/\/mladez.biskupstvi.cz\/mamre\/wp-json\/wp\/v2\/media?parent=2305"}],"curies":[{"name":"wp","href":"https:\/\/api.w.org\/{rel}","templated":true}]}}