{"id":1893,"date":"2024-03-06T12:00:36","date_gmt":"2024-03-06T11:00:36","guid":{"rendered":"https:\/\/mladez.biskupstvi.cz\/mamre\/?page_id=1893"},"modified":"2024-03-06T12:31:19","modified_gmt":"2024-03-06T11:31:19","slug":"jak-se-chovat-v-ohrozeni","status":"publish","type":"page","link":"https:\/\/mladez.biskupstvi.cz\/mamre\/mesmerize\/jak-se-chovat-v-ohrozeni\/","title":{"rendered":"Jak se chovat v ohro\u017een\u00ed"},"content":{"rendered":"\n<div class=\"wp-block-group\"><div class=\"wp-block-group__inner-container is-layout-constrained wp-block-group-is-layout-constrained\">\n<div class=\"wp-block-columns is-layout-flex wp-container-core-columns-is-layout-9d6595d7 wp-block-columns-is-layout-flex\">\n<div class=\"wp-block-column is-layout-flow wp-block-column-is-layout-flow\" style=\"flex-basis:100%\">\n<p class=\"has-black-color has-text-color has-link-color has-medium-font-size wp-elements-425f6655597793643c2cca5d121d2cb1\">I na Mamre mus\u00edme b\u00fdt p\u0159ipraven\u00ed na krizov\u00e9 situace. Co bys ud\u011blal\/a, kdyby na centrum za\u00fato\u010dil \u010dlov\u011bk se zbran\u00ed? Co ud\u011bl\u00e1\u0161 v p\u0159\u00edpad\u011b po\u017e\u00e1ru? Z\u00e1kladn\u00ed bezpe\u010dnostn\u00ed rady najde\u0161 v galerii.<\/p>\n<\/div>\n<\/div>\n<\/div><\/div>\n\n\n\n<p><\/p>\n\n\n\n<p><\/p>\n\n\n\n<figure class=\"wp-block-gallery has-nested-images columns-default is-cropped wp-block-gallery-1 is-layout-flex wp-block-gallery-is-layout-flex\"><div class=\"wp-block-image is-style-default\">\n<figure class=\"alignleft size-large\"><img fetchpriority=\"high\" decoding=\"async\" width=\"1024\" height=\"1024\" data-id=\"1906\" src=\"https:\/\/mladez.biskupstvi.cz\/subdom\/mladez\/mamre\/wp-content\/uploads\/2024\/03\/MAMRE-social-media-banners-01-1024x1024.png\" alt=\"\" class=\"wp-image-1906\" srcset=\"https:\/\/mladez.biskupstvi.cz\/subdom\/mladez\/mamre\/wp-content\/uploads\/2024\/03\/MAMRE-social-media-banners-01-1024x1024.png 1024w, https:\/\/mladez.biskupstvi.cz\/subdom\/mladez\/mamre\/wp-content\/uploads\/2024\/03\/MAMRE-social-media-banners-01-300x300.png 300w, https:\/\/mladez.biskupstvi.cz\/subdom\/mladez\/mamre\/wp-content\/uploads\/2024\/03\/MAMRE-social-media-banners-01-150x150.png 150w, https:\/\/mladez.biskupstvi.cz\/subdom\/mladez\/mamre\/wp-content\/uploads\/2024\/03\/MAMRE-social-media-banners-01-768x768.png 768w, https:\/\/mladez.biskupstvi.cz\/subdom\/mladez\/mamre\/wp-content\/uploads\/2024\/03\/MAMRE-social-media-banners-01.png 1080w\" sizes=\"(max-width: 1024px) 100vw, 1024px\" \/><\/figure>\n<\/div>\n\n<div class=\"wp-block-image\">\n<figure class=\"alignleft size-large\"><img decoding=\"async\" width=\"1024\" height=\"1024\" data-id=\"1894\" src=\"https:\/\/mladez.biskupstvi.cz\/subdom\/mladez\/mamre\/wp-content\/uploads\/2024\/03\/MAMRE-social-media-banners-02-1024x1024.png\" alt=\"\" class=\"wp-image-1894\" srcset=\"https:\/\/mladez.biskupstvi.cz\/subdom\/mladez\/mamre\/wp-content\/uploads\/2024\/03\/MAMRE-social-media-banners-02-1024x1023.png 1024w, https:\/\/mladez.biskupstvi.cz\/subdom\/mladez\/mamre\/wp-content\/uploads\/2024\/03\/MAMRE-social-media-banners-02-300x300.png 300w, https:\/\/mladez.biskupstvi.cz\/subdom\/mladez\/mamre\/wp-content\/uploads\/2024\/03\/MAMRE-social-media-banners-02-150x150.png 150w, https:\/\/mladez.biskupstvi.cz\/subdom\/mladez\/mamre\/wp-content\/uploads\/2024\/03\/MAMRE-social-media-banners-02-768x767.png 768w, https:\/\/mladez.biskupstvi.cz\/subdom\/mladez\/mamre\/wp-content\/uploads\/2024\/03\/MAMRE-social-media-banners-02.png 1081w\" sizes=\"(max-width: 1024px) 100vw, 1024px\" \/><\/figure>\n<\/div>\n\n<div class=\"wp-block-image\">\n<figure class=\"alignleft size-large\"><img decoding=\"async\" width=\"1024\" height=\"1024\" data-id=\"1897\" src=\"https:\/\/mladez.biskupstvi.cz\/subdom\/mladez\/mamre\/wp-content\/uploads\/2024\/03\/MAMRE-social-media-banners-03-1024x1024.png\" alt=\"\" class=\"wp-image-1897\" srcset=\"https:\/\/mladez.biskupstvi.cz\/subdom\/mladez\/mamre\/wp-content\/uploads\/2024\/03\/MAMRE-social-media-banners-03-1024x1023.png 1024w, https:\/\/mladez.biskupstvi.cz\/subdom\/mladez\/mamre\/wp-content\/uploads\/2024\/03\/MAMRE-social-media-banners-03-300x300.png 300w, https:\/\/mladez.biskupstvi.cz\/subdom\/mladez\/mamre\/wp-content\/uploads\/2024\/03\/MAMRE-social-media-banners-03-150x150.png 150w, https:\/\/mladez.biskupstvi.cz\/subdom\/mladez\/mamre\/wp-content\/uploads\/2024\/03\/MAMRE-social-media-banners-03-768x767.png 768w, https:\/\/mladez.biskupstvi.cz\/subdom\/mladez\/mamre\/wp-content\/uploads\/2024\/03\/MAMRE-social-media-banners-03.png 1081w\" sizes=\"(max-width: 1024px) 100vw, 1024px\" \/><\/figure>\n<\/div>\n\n\n<figure class=\"wp-block-image size-large\"><img loading=\"lazy\" decoding=\"async\" width=\"1024\" height=\"1024\" data-id=\"1895\" src=\"https:\/\/mladez.biskupstvi.cz\/subdom\/mladez\/mamre\/wp-content\/uploads\/2024\/03\/MAMRE-social-media-banners-04-1024x1024.png\" alt=\"\" class=\"wp-image-1895\" srcset=\"https:\/\/mladez.biskupstvi.cz\/subdom\/mladez\/mamre\/wp-content\/uploads\/2024\/03\/MAMRE-social-media-banners-04-1024x1023.png 1024w, https:\/\/mladez.biskupstvi.cz\/subdom\/mladez\/mamre\/wp-content\/uploads\/2024\/03\/MAMRE-social-media-banners-04-300x300.png 300w, https:\/\/mladez.biskupstvi.cz\/subdom\/mladez\/mamre\/wp-content\/uploads\/2024\/03\/MAMRE-social-media-banners-04-150x150.png 150w, https:\/\/mladez.biskupstvi.cz\/subdom\/mladez\/mamre\/wp-content\/uploads\/2024\/03\/MAMRE-social-media-banners-04-768x767.png 768w, https:\/\/mladez.biskupstvi.cz\/subdom\/mladez\/mamre\/wp-content\/uploads\/2024\/03\/MAMRE-social-media-banners-04.png 1081w\" sizes=\"(max-width: 1024px) 100vw, 1024px\" \/><\/figure>\n\n\n<div class=\"wp-block-image\">\n<figure class=\"alignleft size-large\"><img loading=\"lazy\" decoding=\"async\" width=\"1024\" height=\"1024\" data-id=\"1908\" src=\"https:\/\/mladez.biskupstvi.cz\/subdom\/mladez\/mamre\/wp-content\/uploads\/2024\/03\/MAMRE-social-media-banners-05-1024x1024.png\" alt=\"\" class=\"wp-image-1908\" srcset=\"https:\/\/mladez.biskupstvi.cz\/subdom\/mladez\/mamre\/wp-content\/uploads\/2024\/03\/MAMRE-social-media-banners-05-1024x1025.png 1024w, https:\/\/mladez.biskupstvi.cz\/subdom\/mladez\/mamre\/wp-content\/uploads\/2024\/03\/MAMRE-social-media-banners-05-300x300.png 300w, https:\/\/mladez.biskupstvi.cz\/subdom\/mladez\/mamre\/wp-content\/uploads\/2024\/03\/MAMRE-social-media-banners-05-150x150.png 150w, https:\/\/mladez.biskupstvi.cz\/subdom\/mladez\/mamre\/wp-content\/uploads\/2024\/03\/MAMRE-social-media-banners-05-768x769.png 768w, https:\/\/mladez.biskupstvi.cz\/subdom\/mladez\/mamre\/wp-content\/uploads\/2024\/03\/MAMRE-social-media-banners-05.png 1080w\" sizes=\"(max-width: 1024px) 100vw, 1024px\" \/><\/figure>\n<\/div>\n\n<div class=\"wp-block-image\">\n<figure class=\"alignleft size-large\"><img loading=\"lazy\" decoding=\"async\" width=\"1024\" height=\"1024\" data-id=\"1898\" src=\"https:\/\/mladez.biskupstvi.cz\/subdom\/mladez\/mamre\/wp-content\/uploads\/2024\/03\/MAMRE-social-media-banners-06-1024x1024.png\" alt=\"\" class=\"wp-image-1898\" srcset=\"https:\/\/mladez.biskupstvi.cz\/subdom\/mladez\/mamre\/wp-content\/uploads\/2024\/03\/MAMRE-social-media-banners-06-1024x1024.png 1024w, https:\/\/mladez.biskupstvi.cz\/subdom\/mladez\/mamre\/wp-content\/uploads\/2024\/03\/MAMRE-social-media-banners-06-300x300.png 300w, https:\/\/mladez.biskupstvi.cz\/subdom\/mladez\/mamre\/wp-content\/uploads\/2024\/03\/MAMRE-social-media-banners-06-150x150.png 150w, https:\/\/mladez.biskupstvi.cz\/subdom\/mladez\/mamre\/wp-content\/uploads\/2024\/03\/MAMRE-social-media-banners-06-768x768.png 768w, https:\/\/mladez.biskupstvi.cz\/subdom\/mladez\/mamre\/wp-content\/uploads\/2024\/03\/MAMRE-social-media-banners-06.png 1081w\" sizes=\"(max-width: 1024px) 100vw, 1024px\" \/><\/figure>\n<\/div>\n\n\n<figure class=\"wp-block-image size-large\"><img loading=\"lazy\" decoding=\"async\" width=\"1024\" height=\"1024\" data-id=\"1901\" src=\"https:\/\/mladez.biskupstvi.cz\/subdom\/mladez\/mamre\/wp-content\/uploads\/2024\/03\/MAMRE-social-media-banners-07-1024x1024.png\" alt=\"\" class=\"wp-image-1901\" srcset=\"https:\/\/mladez.biskupstvi.cz\/subdom\/mladez\/mamre\/wp-content\/uploads\/2024\/03\/MAMRE-social-media-banners-07-1024x1024.png 1024w, https:\/\/mladez.biskupstvi.cz\/subdom\/mladez\/mamre\/wp-content\/uploads\/2024\/03\/MAMRE-social-media-banners-07-300x300.png 300w, https:\/\/mladez.biskupstvi.cz\/subdom\/mladez\/mamre\/wp-content\/uploads\/2024\/03\/MAMRE-social-media-banners-07-150x150.png 150w, https:\/\/mladez.biskupstvi.cz\/subdom\/mladez\/mamre\/wp-content\/uploads\/2024\/03\/MAMRE-social-media-banners-07-768x768.png 768w, https:\/\/mladez.biskupstvi.cz\/subdom\/mladez\/mamre\/wp-content\/uploads\/2024\/03\/MAMRE-social-media-banners-07.png 1081w\" sizes=\"(max-width: 1024px) 100vw, 1024px\" \/><\/figure>\n\n\n<div class=\"wp-block-image\">\n<figure class=\"alignleft size-large\"><img loading=\"lazy\" decoding=\"async\" width=\"1024\" height=\"1024\" data-id=\"1904\" src=\"https:\/\/mladez.biskupstvi.cz\/subdom\/mladez\/mamre\/wp-content\/uploads\/2024\/03\/MAMRE-social-media-banners-08-1024x1024.png\" alt=\"\" class=\"wp-image-1904\" srcset=\"https:\/\/mladez.biskupstvi.cz\/subdom\/mladez\/mamre\/wp-content\/uploads\/2024\/03\/MAMRE-social-media-banners-08-1024x1024.png 1024w, https:\/\/mladez.biskupstvi.cz\/subdom\/mladez\/mamre\/wp-content\/uploads\/2024\/03\/MAMRE-social-media-banners-08-300x300.png 300w, https:\/\/mladez.biskupstvi.cz\/subdom\/mladez\/mamre\/wp-content\/uploads\/2024\/03\/MAMRE-social-media-banners-08-150x150.png 150w, https:\/\/mladez.biskupstvi.cz\/subdom\/mladez\/mamre\/wp-content\/uploads\/2024\/03\/MAMRE-social-media-banners-08-768x768.png 768w, https:\/\/mladez.biskupstvi.cz\/subdom\/mladez\/mamre\/wp-content\/uploads\/2024\/03\/MAMRE-social-media-banners-08.png 1081w\" sizes=\"(max-width: 1024px) 100vw, 1024px\" \/><\/figure>\n<\/div>\n\n<div class=\"wp-block-image\">\n<figure class=\"alignleft size-large\"><img loading=\"lazy\" decoding=\"async\" width=\"1024\" height=\"1024\" data-id=\"1907\" src=\"https:\/\/mladez.biskupstvi.cz\/subdom\/mladez\/mamre\/wp-content\/uploads\/2024\/03\/MAMRE-social-media-banners-09-1024x1024.png\" alt=\"\" class=\"wp-image-1907\" srcset=\"https:\/\/mladez.biskupstvi.cz\/subdom\/mladez\/mamre\/wp-content\/uploads\/2024\/03\/MAMRE-social-media-banners-09-1024x1025.png 1024w, https:\/\/mladez.biskupstvi.cz\/subdom\/mladez\/mamre\/wp-content\/uploads\/2024\/03\/MAMRE-social-media-banners-09-300x300.png 300w, https:\/\/mladez.biskupstvi.cz\/subdom\/mladez\/mamre\/wp-content\/uploads\/2024\/03\/MAMRE-social-media-banners-09-150x150.png 150w, https:\/\/mladez.biskupstvi.cz\/subdom\/mladez\/mamre\/wp-content\/uploads\/2024\/03\/MAMRE-social-media-banners-09-768x769.png 768w, https:\/\/mladez.biskupstvi.cz\/subdom\/mladez\/mamre\/wp-content\/uploads\/2024\/03\/MAMRE-social-media-banners-09.png 1080w\" sizes=\"(max-width: 1024px) 100vw, 1024px\" \/><\/figure>\n<\/div>\n\n\n<figure class=\"wp-block-image size-large\"><img loading=\"lazy\" decoding=\"async\" width=\"1024\" height=\"1024\" data-id=\"1896\" src=\"https:\/\/mladez.biskupstvi.cz\/subdom\/mladez\/mamre\/wp-content\/uploads\/2024\/03\/MAMRE-social-media-banners-10-1024x1024.png\" alt=\"\" class=\"wp-image-1896\" srcset=\"https:\/\/mladez.biskupstvi.cz\/subdom\/mladez\/mamre\/wp-content\/uploads\/2024\/03\/MAMRE-social-media-banners-10-1024x1024.png 1024w, https:\/\/mladez.biskupstvi.cz\/subdom\/mladez\/mamre\/wp-content\/uploads\/2024\/03\/MAMRE-social-media-banners-10-300x300.png 300w, https:\/\/mladez.biskupstvi.cz\/subdom\/mladez\/mamre\/wp-content\/uploads\/2024\/03\/MAMRE-social-media-banners-10-150x150.png 150w, https:\/\/mladez.biskupstvi.cz\/subdom\/mladez\/mamre\/wp-content\/uploads\/2024\/03\/MAMRE-social-media-banners-10-768x768.png 768w, https:\/\/mladez.biskupstvi.cz\/subdom\/mladez\/mamre\/wp-content\/uploads\/2024\/03\/MAMRE-social-media-banners-10.png 1081w\" sizes=\"(max-width: 1024px) 100vw, 1024px\" \/><\/figure>\n\n\n<div class=\"wp-block-image\">\n<figure class=\"alignleft size-large\"><img loading=\"lazy\" decoding=\"async\" width=\"1024\" height=\"1024\" data-id=\"1902\" src=\"https:\/\/mladez.biskupstvi.cz\/subdom\/mladez\/mamre\/wp-content\/uploads\/2024\/03\/MAMRE-social-media-banners-11-1024x1024.png\" alt=\"\" class=\"wp-image-1902\" srcset=\"https:\/\/mladez.biskupstvi.cz\/subdom\/mladez\/mamre\/wp-content\/uploads\/2024\/03\/MAMRE-social-media-banners-11-1024x1024.png 1024w, https:\/\/mladez.biskupstvi.cz\/subdom\/mladez\/mamre\/wp-content\/uploads\/2024\/03\/MAMRE-social-media-banners-11-300x300.png 300w, https:\/\/mladez.biskupstvi.cz\/subdom\/mladez\/mamre\/wp-content\/uploads\/2024\/03\/MAMRE-social-media-banners-11-150x150.png 150w, https:\/\/mladez.biskupstvi.cz\/subdom\/mladez\/mamre\/wp-content\/uploads\/2024\/03\/MAMRE-social-media-banners-11-768x768.png 768w, https:\/\/mladez.biskupstvi.cz\/subdom\/mladez\/mamre\/wp-content\/uploads\/2024\/03\/MAMRE-social-media-banners-11.png 1081w\" sizes=\"(max-width: 1024px) 100vw, 1024px\" \/><\/figure>\n<\/div>\n\n<div class=\"wp-block-image\">\n<figure class=\"alignleft size-large\"><img loading=\"lazy\" decoding=\"async\" width=\"1024\" height=\"1024\" data-id=\"1903\" src=\"https:\/\/mladez.biskupstvi.cz\/subdom\/mladez\/mamre\/wp-content\/uploads\/2024\/03\/MAMRE-social-media-banners-12-1024x1024.png\" alt=\"\" class=\"wp-image-1903\" srcset=\"https:\/\/mladez.biskupstvi.cz\/subdom\/mladez\/mamre\/wp-content\/uploads\/2024\/03\/MAMRE-social-media-banners-12-1024x1024.png 1024w, https:\/\/mladez.biskupstvi.cz\/subdom\/mladez\/mamre\/wp-content\/uploads\/2024\/03\/MAMRE-social-media-banners-12-300x300.png 300w, https:\/\/mladez.biskupstvi.cz\/subdom\/mladez\/mamre\/wp-content\/uploads\/2024\/03\/MAMRE-social-media-banners-12-150x150.png 150w, https:\/\/mladez.biskupstvi.cz\/subdom\/mladez\/mamre\/wp-content\/uploads\/2024\/03\/MAMRE-social-media-banners-12-768x768.png 768w, https:\/\/mladez.biskupstvi.cz\/subdom\/mladez\/mamre\/wp-content\/uploads\/2024\/03\/MAMRE-social-media-banners-12.png 1081w\" sizes=\"(max-width: 1024px) 100vw, 1024px\" \/><\/figure>\n<\/div>\n\n\n<figure class=\"wp-block-image size-large\"><img loading=\"lazy\" decoding=\"async\" width=\"1024\" height=\"1024\" data-id=\"1909\" src=\"https:\/\/mladez.biskupstvi.cz\/subdom\/mladez\/mamre\/wp-content\/uploads\/2024\/03\/MAMRE-social-media-banners-13-1024x1024.png\" alt=\"\" class=\"wp-image-1909\" srcset=\"https:\/\/mladez.biskupstvi.cz\/subdom\/mladez\/mamre\/wp-content\/uploads\/2024\/03\/MAMRE-social-media-banners-13-1024x1025.png 1024w, https:\/\/mladez.biskupstvi.cz\/subdom\/mladez\/mamre\/wp-content\/uploads\/2024\/03\/MAMRE-social-media-banners-13-300x300.png 300w, https:\/\/mladez.biskupstvi.cz\/subdom\/mladez\/mamre\/wp-content\/uploads\/2024\/03\/MAMRE-social-media-banners-13-150x150.png 150w, https:\/\/mladez.biskupstvi.cz\/subdom\/mladez\/mamre\/wp-content\/uploads\/2024\/03\/MAMRE-social-media-banners-13-768x769.png 768w, https:\/\/mladez.biskupstvi.cz\/subdom\/mladez\/mamre\/wp-content\/uploads\/2024\/03\/MAMRE-social-media-banners-13.png 1080w\" sizes=\"(max-width: 1024px) 100vw, 1024px\" \/><\/figure>\n\n\n<div class=\"wp-block-image\">\n<figure class=\"alignleft size-large\"><img loading=\"lazy\" decoding=\"async\" width=\"1024\" height=\"1024\" data-id=\"1900\" src=\"https:\/\/mladez.biskupstvi.cz\/subdom\/mladez\/mamre\/wp-content\/uploads\/2024\/03\/MAMRE-social-media-banners-14-1024x1024.png\" alt=\"\" class=\"wp-image-1900\" srcset=\"https:\/\/mladez.biskupstvi.cz\/subdom\/mladez\/mamre\/wp-content\/uploads\/2024\/03\/MAMRE-social-media-banners-14-1024x1024.png 1024w, https:\/\/mladez.biskupstvi.cz\/subdom\/mladez\/mamre\/wp-content\/uploads\/2024\/03\/MAMRE-social-media-banners-14-300x300.png 300w, https:\/\/mladez.biskupstvi.cz\/subdom\/mladez\/mamre\/wp-content\/uploads\/2024\/03\/MAMRE-social-media-banners-14-150x150.png 150w, https:\/\/mladez.biskupstvi.cz\/subdom\/mladez\/mamre\/wp-content\/uploads\/2024\/03\/MAMRE-social-media-banners-14-768x768.png 768w, https:\/\/mladez.biskupstvi.cz\/subdom\/mladez\/mamre\/wp-content\/uploads\/2024\/03\/MAMRE-social-media-banners-14.png 1081w\" sizes=\"(max-width: 1024px) 100vw, 1024px\" \/><\/figure>\n<\/div>\n\n<div class=\"wp-block-image\">\n<figure class=\"alignleft size-large\"><img loading=\"lazy\" decoding=\"async\" width=\"1024\" height=\"1024\" data-id=\"1905\" src=\"https:\/\/mladez.biskupstvi.cz\/subdom\/mladez\/mamre\/wp-content\/uploads\/2024\/03\/MAMRE-social-media-banners-15-1024x1024.png\" alt=\"\" class=\"wp-image-1905\" srcset=\"https:\/\/mladez.biskupstvi.cz\/subdom\/mladez\/mamre\/wp-content\/uploads\/2024\/03\/MAMRE-social-media-banners-15-1024x1024.png 1024w, https:\/\/mladez.biskupstvi.cz\/subdom\/mladez\/mamre\/wp-content\/uploads\/2024\/03\/MAMRE-social-media-banners-15-300x300.png 300w, https:\/\/mladez.biskupstvi.cz\/subdom\/mladez\/mamre\/wp-content\/uploads\/2024\/03\/MAMRE-social-media-banners-15-150x150.png 150w, https:\/\/mladez.biskupstvi.cz\/subdom\/mladez\/mamre\/wp-content\/uploads\/2024\/03\/MAMRE-social-media-banners-15-768x768.png 768w, https:\/\/mladez.biskupstvi.cz\/subdom\/mladez\/mamre\/wp-content\/uploads\/2024\/03\/MAMRE-social-media-banners-15.png 1081w\" sizes=\"(max-width: 1024px) 100vw, 1024px\" \/><\/figure>\n<\/div>\n\n\n<figure class=\"wp-block-image size-large\"><img loading=\"lazy\" decoding=\"async\" width=\"1024\" height=\"1024\" data-id=\"1899\" src=\"https:\/\/mladez.biskupstvi.cz\/subdom\/mladez\/mamre\/wp-content\/uploads\/2024\/03\/MAMRE-social-media-banners-16-1024x1024.png\" alt=\"\" class=\"wp-image-1899\" srcset=\"https:\/\/mladez.biskupstvi.cz\/subdom\/mladez\/mamre\/wp-content\/uploads\/2024\/03\/MAMRE-social-media-banners-16-1024x1024.png 1024w, https:\/\/mladez.biskupstvi.cz\/subdom\/mladez\/mamre\/wp-content\/uploads\/2024\/03\/MAMRE-social-media-banners-16-300x300.png 300w, https:\/\/mladez.biskupstvi.cz\/subdom\/mladez\/mamre\/wp-content\/uploads\/2024\/03\/MAMRE-social-media-banners-16-150x150.png 150w, https:\/\/mladez.biskupstvi.cz\/subdom\/mladez\/mamre\/wp-content\/uploads\/2024\/03\/MAMRE-social-media-banners-16-768x768.png 768w, https:\/\/mladez.biskupstvi.cz\/subdom\/mladez\/mamre\/wp-content\/uploads\/2024\/03\/MAMRE-social-media-banners-16.png 1081w\" sizes=\"(max-width: 1024px) 100vw, 1024px\" \/><\/figure>\n<\/figure>\n","protected":false},"excerpt":{"rendered":"<p>I na Mamre mus\u00edme b\u00fdt p\u0159ipraven\u00ed na krizov\u00e9 situace. Co bys ud\u011blal\/a, kdyby na centrum za\u00fato\u010dil \u010dlov\u011bk se zbran\u00ed? Co ud\u011bl\u00e1\u0161 v p\u0159\u00edpad\u011b po\u017e\u00e1ru? Z\u00e1kladn\u00ed bezpe\u010dnostn\u00ed rady najde\u0161 v galerii.<\/p>\n","protected":false},"author":2,"featured_media":1906,"parent":10,"menu_order":0,"comment_status":"closed","ping_status":"closed","template":"","meta":{"_monsterinsights_skip_tracking":false,"_monsterinsights_sitenote_active":false,"_monsterinsights_sitenote_note":"","_monsterinsights_sitenote_category":0,"footnotes":""},"class_list":["post-1893","page","type-page","status-publish","has-post-thumbnail","hentry"],"_links":{"self":[{"href":"https:\/\/mladez.biskupstvi.cz\/mamre\/wp-json\/wp\/v2\/pages\/1893","targetHints":{"allow":["GET"]}}],"collection":[{"href":"https:\/\/mladez.biskupstvi.cz\/mamre\/wp-json\/wp\/v2\/pages"}],"about":[{"href":"https:\/\/mladez.biskupstvi.cz\/mamre\/wp-json\/wp\/v2\/types\/page"}],"author":[{"embeddable":true,"href":"https:\/\/mladez.biskupstvi.cz\/mamre\/wp-json\/wp\/v2\/users\/2"}],"replies":[{"embeddable":true,"href":"https:\/\/mladez.biskupstvi.cz\/mamre\/wp-json\/wp\/v2\/comments?post=1893"}],"version-history":[{"count":11,"href":"https:\/\/mladez.biskupstvi.cz\/mamre\/wp-json\/wp\/v2\/pages\/1893\/revisions"}],"predecessor-version":[{"id":1930,"href":"https:\/\/mladez.biskupstvi.cz\/mamre\/wp-json\/wp\/v2\/pages\/1893\/revisions\/1930"}],"up":[{"embeddable":true,"href":"https:\/\/mladez.biskupstvi.cz\/mamre\/wp-json\/wp\/v2\/pages\/10"}],"wp:featuredmedia":[{"embeddable":true,"href":"https:\/\/mladez.biskupstvi.cz\/mamre\/wp-json\/wp\/v2\/media\/1906"}],"wp:attachment":[{"href":"https:\/\/mladez.biskupstvi.cz\/mamre\/wp-json\/wp\/v2\/media?parent=1893"}],"curies":[{"name":"wp","href":"https:\/\/api.w.org\/{rel}","templated":true}]}}