{"id":11010,"date":"2025-11-06T10:53:01","date_gmt":"2025-11-06T09:53:01","guid":{"rendered":"https:\/\/mladez.biskupstvi.cz\/dcm\/?page_id=11010"},"modified":"2025-11-06T13:53:36","modified_gmt":"2025-11-06T12:53:36","slug":"tmm","status":"publish","type":"page","link":"http:\/\/mladez.biskupstvi.cz\/dcm\/tmm\/","title":{"rendered":"tmm"},"content":{"rendered":"\t\t<div data-elementor-type=\"wp-page\" data-elementor-id=\"11010\" class=\"elementor elementor-11010\">\n\t\t\t\t\t\t<section class=\"elementor-section elementor-top-section elementor-element elementor-element-d5626ea elementor-section-boxed elementor-section-height-default elementor-section-height-default\" data-id=\"d5626ea\" data-element_type=\"section\">\n\t\t\t\t\t\t<div class=\"elementor-container elementor-column-gap-default\">\n\t\t\t\t\t<div class=\"elementor-column elementor-col-100 elementor-top-column elementor-element elementor-element-a4bc875\" data-id=\"a4bc875\" data-element_type=\"column\">\n\t\t\t<div class=\"elementor-widget-wrap elementor-element-populated\">\n\t\t\t\t\t\t<div class=\"elementor-element elementor-element-b6d80e3 elementor-widget elementor-widget-image\" data-id=\"b6d80e3\" data-element_type=\"widget\" data-widget_type=\"image.default\">\n\t\t\t\t<div class=\"elementor-widget-container\">\n\t\t\t\t\t\t\t\t\t\t\t\t\t<img fetchpriority=\"high\" decoding=\"async\" width=\"212\" height=\"300\" src=\"http:\/\/mladez.biskupstvi.cz\/subdom\/mladez\/dcm\/wp-content\/uploads\/2025\/11\/467_tmm-2025-plakat-1-212x300.png\" class=\"attachment-medium size-medium wp-image-11016\" alt=\"\" srcset=\"http:\/\/mladez.biskupstvi.cz\/subdom\/mladez\/dcm\/wp-content\/uploads\/2025\/11\/467_tmm-2025-plakat-1-212x300.png 212w, http:\/\/mladez.biskupstvi.cz\/subdom\/mladez\/dcm\/wp-content\/uploads\/2025\/11\/467_tmm-2025-plakat-1-724x1024.png 724w, http:\/\/mladez.biskupstvi.cz\/subdom\/mladez\/dcm\/wp-content\/uploads\/2025\/11\/467_tmm-2025-plakat-1-768x1086.png 768w, http:\/\/mladez.biskupstvi.cz\/subdom\/mladez\/dcm\/wp-content\/uploads\/2025\/11\/467_tmm-2025-plakat-1-1086x1536.png 1086w, http:\/\/mladez.biskupstvi.cz\/subdom\/mladez\/dcm\/wp-content\/uploads\/2025\/11\/467_tmm-2025-plakat-1-1448x2048.png 1448w, http:\/\/mladez.biskupstvi.cz\/subdom\/mladez\/dcm\/wp-content\/uploads\/2025\/11\/467_tmm-2025-plakat-1.png 1654w\" sizes=\"(max-width: 212px) 100vw, 212px\" \/>\t\t\t\t\t\t\t\t\t\t\t\t\t<\/div>\n\t\t\t\t<\/div>\n\t\t\t\t\t<\/div>\n\t\t<\/div>\n\t\t\t\t\t<\/div>\n\t\t<\/section>\n\t\t\t\t<section class=\"elementor-section elementor-top-section elementor-element elementor-element-f6eeea9 elementor-section-boxed elementor-section-height-default elementor-section-height-default\" data-id=\"f6eeea9\" data-element_type=\"section\">\n\t\t\t\t\t\t<div class=\"elementor-container elementor-column-gap-default\">\n\t\t\t\t\t<div class=\"elementor-column elementor-col-100 elementor-top-column elementor-element elementor-element-b519944\" data-id=\"b519944\" data-element_type=\"column\">\n\t\t\t<div class=\"elementor-widget-wrap elementor-element-populated\">\n\t\t\t\t\t\t<div class=\"elementor-element elementor-element-cb6b781 elementor-widget elementor-widget-heading\" data-id=\"cb6b781\" data-element_type=\"widget\" data-widget_type=\"heading.default\">\n\t\t\t\t<div class=\"elementor-widget-container\">\n\t\t\t<h2 class=\"elementor-heading-title elementor-size-default\">Pot\u0159ebn\u00e9 dokumenty:<\/h2>\t\t<\/div>\n\t\t\t\t<\/div>\n\t\t\t\t\t<\/div>\n\t\t<\/div>\n\t\t\t\t\t<\/div>\n\t\t<\/section>\n\t\t\t\t<section class=\"elementor-section elementor-top-section elementor-element elementor-element-dfc5551 elementor-section-boxed elementor-section-height-default elementor-section-height-default\" data-id=\"dfc5551\" data-element_type=\"section\">\n\t\t\t\t\t\t<div class=\"elementor-container elementor-column-gap-default\">\n\t\t\t\t\t<div class=\"elementor-column elementor-col-66 elementor-top-column elementor-element elementor-element-5e219cb\" data-id=\"5e219cb\" data-element_type=\"column\">\n\t\t\t<div class=\"elementor-widget-wrap elementor-element-populated\">\n\t\t\t\t\t\t<div class=\"elementor-element elementor-element-97efb09 elementor-widget elementor-widget-text-editor\" data-id=\"97efb09\" data-element_type=\"widget\" data-widget_type=\"text-editor.default\">\n\t\t\t\t<div class=\"elementor-widget-container\">\n\t\t\t\t\t\t\t<ul><li>V \u00fater\u00fd 18.&nbsp;11.&nbsp;budeme m\u00edt jako DCM Brno a DC\u017dM Mamre m\u0161i svatou na TV Noe. Budeme se modlit za mlad\u00e9 v&nbsp;na\u0161\u00ed diec\u00e9zi.\u00a0<\/li><\/ul>\t\t\t\t\t\t<\/div>\n\t\t\t\t<\/div>\n\t\t\t\t\t<\/div>\n\t\t<\/div>\n\t\t\t\t<div class=\"elementor-column elementor-col-33 elementor-top-column elementor-element elementor-element-87f9366\" data-id=\"87f9366\" data-element_type=\"column\">\n\t\t\t<div class=\"elementor-widget-wrap elementor-element-populated\">\n\t\t\t\t\t\t<div class=\"elementor-element elementor-element-f062ae3 e-transform elementor-widget elementor-widget-html\" data-id=\"f062ae3\" data-element_type=\"widget\" data-settings=\"{&quot;_transform_translateX_effect_hover&quot;:{&quot;unit&quot;:&quot;px&quot;,&quot;size&quot;:0,&quot;sizes&quot;:[]},&quot;_transform_translateY_effect_hover&quot;:{&quot;unit&quot;:&quot;px&quot;,&quot;size&quot;:-1,&quot;sizes&quot;:[]},&quot;_transform_translateX_effect_hover_tablet&quot;:{&quot;unit&quot;:&quot;px&quot;,&quot;size&quot;:&quot;&quot;,&quot;sizes&quot;:[]},&quot;_transform_translateX_effect_hover_mobile&quot;:{&quot;unit&quot;:&quot;px&quot;,&quot;size&quot;:&quot;&quot;,&quot;sizes&quot;:[]},&quot;_transform_translateY_effect_hover_tablet&quot;:{&quot;unit&quot;:&quot;px&quot;,&quot;size&quot;:&quot;&quot;,&quot;sizes&quot;:[]},&quot;_transform_translateY_effect_hover_mobile&quot;:{&quot;unit&quot;:&quot;px&quot;,&quot;size&quot;:&quot;&quot;,&quot;sizes&quot;:[]}}\" data-widget_type=\"html.default\">\n\t\t\t\t<div class=\"elementor-widget-container\">\n\t\t\t\n<a href=\"http:\/\/mladez.biskupstvi.cz\/subdom\/mladez\/dcm\/wp-content\/uploads\/2025\/11\/467_tmm-2025-plakat.pdf\" target=\"_blank\" style=\"text-decoration: underline; font-family: Raleway\">Plak\u00e1t (.pdf)<\/a>\n\t\t<\/div>\n\t\t\t\t<\/div>\n\t\t\t\t<div class=\"elementor-element elementor-element-11be0da e-transform elementor-widget elementor-widget-html\" data-id=\"11be0da\" data-element_type=\"widget\" data-settings=\"{&quot;_transform_translateX_effect_hover&quot;:{&quot;unit&quot;:&quot;px&quot;,&quot;size&quot;:0,&quot;sizes&quot;:[]},&quot;_transform_translateY_effect_hover&quot;:{&quot;unit&quot;:&quot;px&quot;,&quot;size&quot;:-1,&quot;sizes&quot;:[]},&quot;_transform_translateX_effect_hover_tablet&quot;:{&quot;unit&quot;:&quot;px&quot;,&quot;size&quot;:&quot;&quot;,&quot;sizes&quot;:[]},&quot;_transform_translateX_effect_hover_mobile&quot;:{&quot;unit&quot;:&quot;px&quot;,&quot;size&quot;:&quot;&quot;,&quot;sizes&quot;:[]},&quot;_transform_translateY_effect_hover_tablet&quot;:{&quot;unit&quot;:&quot;px&quot;,&quot;size&quot;:&quot;&quot;,&quot;sizes&quot;:[]},&quot;_transform_translateY_effect_hover_mobile&quot;:{&quot;unit&quot;:&quot;px&quot;,&quot;size&quot;:&quot;&quot;,&quot;sizes&quot;:[]}}\" data-widget_type=\"html.default\">\n\t\t\t\t<div class=\"elementor-widget-container\">\n\t\t\t\n<a href=\"http:\/\/mladez.biskupstvi.cz\/subdom\/mladez\/dcm\/wp-content\/uploads\/2025\/11\/466_tmm-2025-modlitba-web.pdf\" target=\"_blank\" style=\"text-decoration: underline; font-family: Raleway\">Modlitebn\u00ed karti\u010dky (.pdf)<\/a>\n\t\t<\/div>\n\t\t\t\t<\/div>\n\t\t\t\t<div class=\"elementor-element elementor-element-c5f83b3 e-transform elementor-widget elementor-widget-html\" data-id=\"c5f83b3\" data-element_type=\"widget\" data-settings=\"{&quot;_transform_translateX_effect_hover&quot;:{&quot;unit&quot;:&quot;px&quot;,&quot;size&quot;:0,&quot;sizes&quot;:[]},&quot;_transform_translateY_effect_hover&quot;:{&quot;unit&quot;:&quot;px&quot;,&quot;size&quot;:-1,&quot;sizes&quot;:[]},&quot;_transform_translateX_effect_hover_tablet&quot;:{&quot;unit&quot;:&quot;px&quot;,&quot;size&quot;:&quot;&quot;,&quot;sizes&quot;:[]},&quot;_transform_translateX_effect_hover_mobile&quot;:{&quot;unit&quot;:&quot;px&quot;,&quot;size&quot;:&quot;&quot;,&quot;sizes&quot;:[]},&quot;_transform_translateY_effect_hover_tablet&quot;:{&quot;unit&quot;:&quot;px&quot;,&quot;size&quot;:&quot;&quot;,&quot;sizes&quot;:[]},&quot;_transform_translateY_effect_hover_mobile&quot;:{&quot;unit&quot;:&quot;px&quot;,&quot;size&quot;:&quot;&quot;,&quot;sizes&quot;:[]}}\" data-widget_type=\"html.default\">\n\t\t\t\t<div class=\"elementor-widget-container\">\n\t\t\t\n<a href=\"http:\/\/mladez.biskupstvi.cz\/subdom\/mladez\/dcm\/wp-content\/uploads\/2025\/11\/468_tmm-2025-uvod-adorace-spolecenstvi-homilie.pdf\" target=\"_blank\" style=\"text-decoration: underline; font-family: Raleway\">Adorace (.pdf)<\/a>\n\t\t<\/div>\n\t\t\t\t<\/div>\n\t\t\t\t<div class=\"elementor-element elementor-element-6083e56 e-transform elementor-widget elementor-widget-html\" data-id=\"6083e56\" data-element_type=\"widget\" data-settings=\"{&quot;_transform_translateX_effect_hover&quot;:{&quot;unit&quot;:&quot;px&quot;,&quot;size&quot;:0,&quot;sizes&quot;:[]},&quot;_transform_translateY_effect_hover&quot;:{&quot;unit&quot;:&quot;px&quot;,&quot;size&quot;:-1,&quot;sizes&quot;:[]},&quot;_transform_translateX_effect_hover_tablet&quot;:{&quot;unit&quot;:&quot;px&quot;,&quot;size&quot;:&quot;&quot;,&quot;sizes&quot;:[]},&quot;_transform_translateX_effect_hover_mobile&quot;:{&quot;unit&quot;:&quot;px&quot;,&quot;size&quot;:&quot;&quot;,&quot;sizes&quot;:[]},&quot;_transform_translateY_effect_hover_tablet&quot;:{&quot;unit&quot;:&quot;px&quot;,&quot;size&quot;:&quot;&quot;,&quot;sizes&quot;:[]},&quot;_transform_translateY_effect_hover_mobile&quot;:{&quot;unit&quot;:&quot;px&quot;,&quot;size&quot;:&quot;&quot;,&quot;sizes&quot;:[]}}\" data-widget_type=\"html.default\">\n\t\t\t\t<div class=\"elementor-widget-container\">\n\t\t\t\n<a href=\"http:\/\/mladez.biskupstvi.cz\/subdom\/mladez\/dcm\/wp-content\/uploads\/2025\/11\/poselstvi-papeze-svetovy-den-mladeze-2025.pdf\" target=\"_blank\" style=\"text-decoration: underline; font-family: Raleway\">Poselstv\u00ed pape\u017ee (.pdf)<\/a>\n\t\t<\/div>\n\t\t\t\t<\/div>\n\t\t\t\t\t<\/div>\n\t\t<\/div>\n\t\t\t\t\t<\/div>\n\t\t<\/section>\n\t\t\t\t<section class=\"elementor-section elementor-top-section elementor-element elementor-element-4bdedbd elementor-section-boxed elementor-section-height-default elementor-section-height-default\" data-id=\"4bdedbd\" data-element_type=\"section\">\n\t\t\t\t\t\t<div class=\"elementor-container elementor-column-gap-default\">\n\t\t\t\t\t<div class=\"elementor-column elementor-col-100 elementor-top-column elementor-element elementor-element-fd2ba09\" data-id=\"fd2ba09\" data-element_type=\"column\">\n\t\t\t<div class=\"elementor-widget-wrap elementor-element-populated\">\n\t\t\t\t\t\t<div class=\"elementor-element elementor-element-ae479b7 elementor-widget-divider--view-line elementor-widget elementor-widget-divider\" data-id=\"ae479b7\" data-element_type=\"widget\" data-widget_type=\"divider.default\">\n\t\t\t\t<div class=\"elementor-widget-container\">\n\t\t\t\t\t<div class=\"elementor-divider\">\n\t\t\t<span class=\"elementor-divider-separator\">\n\t\t\t\t\t\t<\/span>\n\t\t<\/div>\n\t\t\t\t<\/div>\n\t\t\t\t<\/div>\n\t\t\t\t\t<\/div>\n\t\t<\/div>\n\t\t\t\t\t<\/div>\n\t\t<\/section>\n\t\t\t\t<\/div>\n\t\t","protected":false},"excerpt":{"rendered":"<p>Pot\u0159ebn\u00e9 dokumenty: V&nbsp;\u00fater\u00fd 18.&nbsp;11.&nbsp;budeme m\u00edt jako DCM Brno a DC\u017dM Mamre m\u0161i svatou na TV Noe. Budeme se modlit za mlad\u00e9 v&nbsp;na\u0161\u00ed diec\u00e9zi.\u00a0 Plak\u00e1t (.pdf) Modlitebn\u00ed karti\u010dky (.pdf) Adorace (.pdf) Poselstv\u00ed pape\u017ee (.pdf)<\/p>\n","protected":false},"author":4,"featured_media":0,"parent":0,"menu_order":0,"comment_status":"closed","ping_status":"closed","template":"elementor_header_footer","meta":{"footnotes":""},"class_list":["post-11010","page","type-page","status-publish","hentry"],"yoast_head":"<!-- This site is optimized with the Yoast SEO plugin v22.6 - https:\/\/yoast.com\/wordpress\/plugins\/seo\/ -->\n<title>tmm - DCM Brno<\/title>\n<meta name=\"robots\" content=\"index, follow, max-snippet:-1, max-image-preview:large, max-video-preview:-1\" \/>\n<link rel=\"canonical\" href=\"http:\/\/mladez.biskupstvi.cz\/dcm\/tmm\/\" \/>\n<meta property=\"og:locale\" content=\"cs_CZ\" \/>\n<meta property=\"og:type\" content=\"article\" \/>\n<meta property=\"og:title\" content=\"tmm - DCM Brno\" \/>\n<meta property=\"og:description\" content=\"Pot\u0159ebn\u00e9 dokumenty: V \u00fater\u00fd 18.&nbsp;11.&nbsp;budeme m\u00edt jako DCM Brno a DC\u017dM Mamre m\u0161i svatou na TV Noe. Budeme se modlit za mlad\u00e9 v&nbsp;na\u0161\u00ed diec\u00e9zi.\u00a0 Plak\u00e1t (.pdf) Modlitebn\u00ed karti\u010dky (.pdf) Adorace (.pdf) Poselstv\u00ed pape\u017ee (.pdf)\" \/>\n<meta property=\"og:url\" content=\"http:\/\/mladez.biskupstvi.cz\/dcm\/tmm\/\" \/>\n<meta property=\"og:site_name\" content=\"DCM Brno\" \/>\n<meta property=\"article:modified_time\" content=\"2025-11-06T12:53:36+00:00\" \/>\n<meta property=\"og:image\" content=\"http:\/\/mladez.biskupstvi.cz\/subdom\/mladez\/dcm\/wp-content\/uploads\/2025\/11\/467_tmm-2025-plakat-1-212x300.png\" \/>\n<meta name=\"twitter:card\" content=\"summary_large_image\" \/>\n<meta name=\"twitter:label1\" content=\"Odhadovan\u00e1 doba \u010dten\u00ed\" \/>\n\t<meta name=\"twitter:data1\" content=\"1 minuta\" \/>\n<script type=\"application\/ld+json\" class=\"yoast-schema-graph\">{\"@context\":\"https:\/\/schema.org\",\"@graph\":[{\"@type\":\"WebPage\",\"@id\":\"http:\/\/mladez.biskupstvi.cz\/dcm\/tmm\/\",\"url\":\"http:\/\/mladez.biskupstvi.cz\/dcm\/tmm\/\",\"name\":\"tmm - DCM Brno\",\"isPartOf\":{\"@id\":\"http:\/\/mladez.biskupstvi.cz\/dcm\/#website\"},\"primaryImageOfPage\":{\"@id\":\"http:\/\/mladez.biskupstvi.cz\/dcm\/tmm\/#primaryimage\"},\"image\":{\"@id\":\"http:\/\/mladez.biskupstvi.cz\/dcm\/tmm\/#primaryimage\"},\"thumbnailUrl\":\"http:\/\/mladez.biskupstvi.cz\/subdom\/mladez\/dcm\/wp-content\/uploads\/2025\/11\/467_tmm-2025-plakat-1-212x300.png\",\"datePublished\":\"2025-11-06T09:53:01+00:00\",\"dateModified\":\"2025-11-06T12:53:36+00:00\",\"breadcrumb\":{\"@id\":\"http:\/\/mladez.biskupstvi.cz\/dcm\/tmm\/#breadcrumb\"},\"inLanguage\":\"cs\",\"potentialAction\":[{\"@type\":\"ReadAction\",\"target\":[\"http:\/\/mladez.biskupstvi.cz\/dcm\/tmm\/\"]}]},{\"@type\":\"ImageObject\",\"inLanguage\":\"cs\",\"@id\":\"http:\/\/mladez.biskupstvi.cz\/dcm\/tmm\/#primaryimage\",\"url\":\"http:\/\/mladez.biskupstvi.cz\/subdom\/mladez\/dcm\/wp-content\/uploads\/2025\/11\/467_tmm-2025-plakat-1-212x300.png\",\"contentUrl\":\"http:\/\/mladez.biskupstvi.cz\/subdom\/mladez\/dcm\/wp-content\/uploads\/2025\/11\/467_tmm-2025-plakat-1-212x300.png\"},{\"@type\":\"BreadcrumbList\",\"@id\":\"http:\/\/mladez.biskupstvi.cz\/dcm\/tmm\/#breadcrumb\",\"itemListElement\":[{\"@type\":\"ListItem\",\"position\":1,\"name\":\"Dom\u016f\",\"item\":\"https:\/\/mladez.biskupstvi.cz\/dcm\/\"},{\"@type\":\"ListItem\",\"position\":2,\"name\":\"tmm\"}]},{\"@type\":\"WebSite\",\"@id\":\"http:\/\/mladez.biskupstvi.cz\/dcm\/#website\",\"url\":\"http:\/\/mladez.biskupstvi.cz\/dcm\/\",\"name\":\"DCM Brno\",\"description\":\"Diec\u00e9zn\u00ed centrum ml\u00e1de\u017ee\",\"publisher\":{\"@id\":\"http:\/\/mladez.biskupstvi.cz\/dcm\/#organization\"},\"potentialAction\":[{\"@type\":\"SearchAction\",\"target\":{\"@type\":\"EntryPoint\",\"urlTemplate\":\"http:\/\/mladez.biskupstvi.cz\/dcm\/?s={search_term_string}\"},\"query-input\":\"required name=search_term_string\"}],\"inLanguage\":\"cs\"},{\"@type\":\"Organization\",\"@id\":\"http:\/\/mladez.biskupstvi.cz\/dcm\/#organization\",\"name\":\"DCM Brno\",\"url\":\"http:\/\/mladez.biskupstvi.cz\/dcm\/\",\"logo\":{\"@type\":\"ImageObject\",\"inLanguage\":\"cs\",\"@id\":\"http:\/\/mladez.biskupstvi.cz\/dcm\/#\/schema\/logo\/image\/\",\"url\":\"http:\/\/mladez.biskupstvi.cz\/subdom\/mladez\/dcm\/wp-content\/uploads\/2024\/07\/cropped-DCM-white.png\",\"contentUrl\":\"http:\/\/mladez.biskupstvi.cz\/subdom\/mladez\/dcm\/wp-content\/uploads\/2024\/07\/cropped-DCM-white.png\",\"width\":2239,\"height\":1046,\"caption\":\"DCM Brno\"},\"image\":{\"@id\":\"http:\/\/mladez.biskupstvi.cz\/dcm\/#\/schema\/logo\/image\/\"}}]}<\/script>\n<!-- \/ Yoast SEO plugin. -->","yoast_head_json":{"title":"tmm - DCM Brno","robots":{"index":"index","follow":"follow","max-snippet":"max-snippet:-1","max-image-preview":"max-image-preview:large","max-video-preview":"max-video-preview:-1"},"canonical":"http:\/\/mladez.biskupstvi.cz\/dcm\/tmm\/","og_locale":"cs_CZ","og_type":"article","og_title":"tmm - DCM Brno","og_description":"Pot\u0159ebn\u00e9 dokumenty: V \u00fater\u00fd 18.&nbsp;11.&nbsp;budeme m\u00edt jako DCM Brno a DC\u017dM Mamre m\u0161i svatou na TV Noe. Budeme se modlit za mlad\u00e9 v&nbsp;na\u0161\u00ed diec\u00e9zi.\u00a0 Plak\u00e1t (.pdf) Modlitebn\u00ed karti\u010dky (.pdf) Adorace (.pdf) Poselstv\u00ed pape\u017ee (.pdf)","og_url":"http:\/\/mladez.biskupstvi.cz\/dcm\/tmm\/","og_site_name":"DCM Brno","article_modified_time":"2025-11-06T12:53:36+00:00","og_image":[{"url":"http:\/\/mladez.biskupstvi.cz\/subdom\/mladez\/dcm\/wp-content\/uploads\/2025\/11\/467_tmm-2025-plakat-1-212x300.png"}],"twitter_card":"summary_large_image","twitter_misc":{"Odhadovan\u00e1 doba \u010dten\u00ed":"1 minuta"},"schema":{"@context":"https:\/\/schema.org","@graph":[{"@type":"WebPage","@id":"http:\/\/mladez.biskupstvi.cz\/dcm\/tmm\/","url":"http:\/\/mladez.biskupstvi.cz\/dcm\/tmm\/","name":"tmm - DCM Brno","isPartOf":{"@id":"http:\/\/mladez.biskupstvi.cz\/dcm\/#website"},"primaryImageOfPage":{"@id":"http:\/\/mladez.biskupstvi.cz\/dcm\/tmm\/#primaryimage"},"image":{"@id":"http:\/\/mladez.biskupstvi.cz\/dcm\/tmm\/#primaryimage"},"thumbnailUrl":"http:\/\/mladez.biskupstvi.cz\/subdom\/mladez\/dcm\/wp-content\/uploads\/2025\/11\/467_tmm-2025-plakat-1-212x300.png","datePublished":"2025-11-06T09:53:01+00:00","dateModified":"2025-11-06T12:53:36+00:00","breadcrumb":{"@id":"http:\/\/mladez.biskupstvi.cz\/dcm\/tmm\/#breadcrumb"},"inLanguage":"cs","potentialAction":[{"@type":"ReadAction","target":["http:\/\/mladez.biskupstvi.cz\/dcm\/tmm\/"]}]},{"@type":"ImageObject","inLanguage":"cs","@id":"http:\/\/mladez.biskupstvi.cz\/dcm\/tmm\/#primaryimage","url":"http:\/\/mladez.biskupstvi.cz\/subdom\/mladez\/dcm\/wp-content\/uploads\/2025\/11\/467_tmm-2025-plakat-1-212x300.png","contentUrl":"http:\/\/mladez.biskupstvi.cz\/subdom\/mladez\/dcm\/wp-content\/uploads\/2025\/11\/467_tmm-2025-plakat-1-212x300.png"},{"@type":"BreadcrumbList","@id":"http:\/\/mladez.biskupstvi.cz\/dcm\/tmm\/#breadcrumb","itemListElement":[{"@type":"ListItem","position":1,"name":"Dom\u016f","item":"https:\/\/mladez.biskupstvi.cz\/dcm\/"},{"@type":"ListItem","position":2,"name":"tmm"}]},{"@type":"WebSite","@id":"http:\/\/mladez.biskupstvi.cz\/dcm\/#website","url":"http:\/\/mladez.biskupstvi.cz\/dcm\/","name":"DCM Brno","description":"Diec\u00e9zn\u00ed centrum ml\u00e1de\u017ee","publisher":{"@id":"http:\/\/mladez.biskupstvi.cz\/dcm\/#organization"},"potentialAction":[{"@type":"SearchAction","target":{"@type":"EntryPoint","urlTemplate":"http:\/\/mladez.biskupstvi.cz\/dcm\/?s={search_term_string}"},"query-input":"required name=search_term_string"}],"inLanguage":"cs"},{"@type":"Organization","@id":"http:\/\/mladez.biskupstvi.cz\/dcm\/#organization","name":"DCM Brno","url":"http:\/\/mladez.biskupstvi.cz\/dcm\/","logo":{"@type":"ImageObject","inLanguage":"cs","@id":"http:\/\/mladez.biskupstvi.cz\/dcm\/#\/schema\/logo\/image\/","url":"http:\/\/mladez.biskupstvi.cz\/subdom\/mladez\/dcm\/wp-content\/uploads\/2024\/07\/cropped-DCM-white.png","contentUrl":"http:\/\/mladez.biskupstvi.cz\/subdom\/mladez\/dcm\/wp-content\/uploads\/2024\/07\/cropped-DCM-white.png","width":2239,"height":1046,"caption":"DCM Brno"},"image":{"@id":"http:\/\/mladez.biskupstvi.cz\/dcm\/#\/schema\/logo\/image\/"}}]}},"_links":{"self":[{"href":"http:\/\/mladez.biskupstvi.cz\/dcm\/wp-json\/wp\/v2\/pages\/11010"}],"collection":[{"href":"http:\/\/mladez.biskupstvi.cz\/dcm\/wp-json\/wp\/v2\/pages"}],"about":[{"href":"http:\/\/mladez.biskupstvi.cz\/dcm\/wp-json\/wp\/v2\/types\/page"}],"author":[{"embeddable":true,"href":"http:\/\/mladez.biskupstvi.cz\/dcm\/wp-json\/wp\/v2\/users\/4"}],"replies":[{"embeddable":true,"href":"http:\/\/mladez.biskupstvi.cz\/dcm\/wp-json\/wp\/v2\/comments?post=11010"}],"version-history":[{"count":23,"href":"http:\/\/mladez.biskupstvi.cz\/dcm\/wp-json\/wp\/v2\/pages\/11010\/revisions"}],"predecessor-version":[{"id":11040,"href":"http:\/\/mladez.biskupstvi.cz\/dcm\/wp-json\/wp\/v2\/pages\/11010\/revisions\/11040"}],"wp:attachment":[{"href":"http:\/\/mladez.biskupstvi.cz\/dcm\/wp-json\/wp\/v2\/media?parent=11010"}],"curies":[{"name":"wp","href":"https:\/\/api.w.org\/{rel}","templated":true}]}}